{"id":1684,"date":"2024-01-15T12:17:03","date_gmt":"2024-01-15T12:17:03","guid":{"rendered":"https:\/\/hoteldespuig.com\/pagina-de-inicio-2\/"},"modified":"2025-03-10T13:56:20","modified_gmt":"2025-03-10T13:56:20","slug":"bienestar","status":"publish","type":"page","link":"https:\/\/hoteldespuig.com\/de\/bienestar\/","title":{"rendered":"Bienestar"},"content":{"rendered":"\t\t<div data-elementor-type=\"wp-page\" data-elementor-id=\"1684\" class=\"elementor elementor-1684\" data-elementor-post-type=\"page\">\n\t\t\t\t<div class=\"elementor-element elementor-element-718aa67 e-flex e-con-boxed e-con e-parent\" data-id=\"718aa67\" data-element_type=\"container\" data-e-type=\"container\" data-settings=\"{&quot;background_background&quot;:&quot;classic&quot;}\">\n\t\t\t\t\t<div class=\"e-con-inner\">\n\t\t<div class=\"elementor-element elementor-element-2ecba9b e-con-full e-flex elementor-invisible e-con e-child\" data-id=\"2ecba9b\" data-element_type=\"container\" data-e-type=\"container\" data-settings=\"{&quot;animation&quot;:&quot;fadeInLeft&quot;}\">\n\t\t\t\t<div class=\"elementor-element elementor-element-9877ad1 elementor-widget elementor-widget-heading\" data-id=\"9877ad1\" data-element_type=\"widget\" data-e-type=\"widget\" data-settings=\"{&quot;_animation&quot;:&quot;none&quot;}\" data-widget_type=\"heading.default\">\n\t\t\t\t<div class=\"elementor-widget-container\">\n\t\t\t\t\t<h1 class=\"elementor-heading-title elementor-size-default\">Wohlfahrt<\/h1>\t\t\t\t<\/div>\n\t\t\t\t<\/div>\n\t\t\t\t<\/div>\n\t\t\t\t\t<\/div>\n\t\t\t\t<\/div>\n\t\t<div class=\"elementor-element elementor-element-18e7a87 e-flex e-con-boxed e-con e-parent\" data-id=\"18e7a87\" data-element_type=\"container\" data-e-type=\"container\">\n\t\t\t\t\t<div class=\"e-con-inner\">\n\t\t\t\t<div class=\"elementor-element elementor-element-19b2ece elementor-widget elementor-widget-heading\" data-id=\"19b2ece\" data-element_type=\"widget\" data-e-type=\"widget\" data-widget_type=\"heading.default\">\n\t\t\t\t<div class=\"elementor-widget-container\">\n\t\t\t\t\t<h2 class=\"elementor-heading-title elementor-size-default\">Finden Sie den Zustand des Wohlbefindens im Hotel D'es Puig<\/h2>\t\t\t\t<\/div>\n\t\t\t\t<\/div>\n\t\t\t\t<div class=\"elementor-element elementor-element-59cf6eb elementor-widget elementor-widget-heading\" data-id=\"59cf6eb\" data-element_type=\"widget\" data-e-type=\"widget\" data-settings=\"{&quot;_animation&quot;:&quot;none&quot;,&quot;_animation_delay&quot;:200}\" data-widget_type=\"heading.default\">\n\t\t\t\t<div class=\"elementor-widget-container\">\n\t\t\t\t\t<h3 class=\"elementor-heading-title elementor-size-default\">Erneuern Sie Ihren K\u00f6rper und Geist<\/h3>\t\t\t\t<\/div>\n\t\t\t\t<\/div>\n\t\t\t\t<div class=\"elementor-element elementor-element-7bc33a7 elementor-widget elementor-widget-text-editor\" data-id=\"7bc33a7\" data-element_type=\"widget\" data-e-type=\"widget\" data-widget_type=\"text-editor.default\">\n\t\t\t\t<div class=\"elementor-widget-container\">\n\t\t\t\t\t\t\t\t\t<p style=\"text-align: center;\">Das <strong>Hotel D&#8217;es Puig<\/strong> bietet nicht nur eine charmante Unterkunft, sondern auch ein ganzheitliches Wellness-Erlebnis, das K\u00f6rper, Geist und Seele n\u00e4hrt.<\/p>\n<p style=\"text-align: center;\"><\/p>\t\t\t\t\t\t\t\t<\/div>\n\t\t\t\t<\/div>\n\t\t\t\t\t<\/div>\n\t\t\t\t<\/div>\n\t\t<div class=\"elementor-element elementor-element-a7b6fa6 e-flex e-con-boxed e-con e-parent\" data-id=\"a7b6fa6\" data-element_type=\"container\" data-e-type=\"container\">\n\t\t\t\t\t<div class=\"e-con-inner\">\n\t\t<div class=\"elementor-element elementor-element-859d42d e-con-full e-flex e-con e-child\" data-id=\"859d42d\" data-element_type=\"container\" data-e-type=\"container\">\n\t\t\t\t<div class=\"elementor-element elementor-element-7d25a22 elementor-widget elementor-widget-image\" data-id=\"7d25a22\" data-element_type=\"widget\" data-e-type=\"widget\" data-widget_type=\"image.default\">\n\t\t\t\t<div class=\"elementor-widget-container\">\n\t\t\t\t\t\t\t\t\t\t\t\t\t\t\t<img fetchpriority=\"high\" decoding=\"async\" width=\"800\" height=\"534\" src=\"https:\/\/hoteldespuig.com\/de\/wp-content\/uploads\/sites\/3\/Bienvenidos-a-Hotel-D\u00b4es-Puig-Deia.webp\" class=\"attachment-large size-large wp-image-2210\" alt=\"Bienvenidos a Hotel D\u00b4es Puig Dei\u00e0\" srcset=\"https:\/\/hoteldespuig.com\/de\/wp-content\/uploads\/sites\/3\/Bienvenidos-a-Hotel-D\u00b4es-Puig-Deia.webp 1024w, https:\/\/hoteldespuig.com\/de\/wp-content\/uploads\/sites\/3\/Bienvenidos-a-Hotel-D\u00b4es-Puig-Deia-300x200.webp 300w, https:\/\/hoteldespuig.com\/de\/wp-content\/uploads\/sites\/3\/Bienvenidos-a-Hotel-D\u00b4es-Puig-Deia-768x512.webp 768w\" sizes=\"(max-width: 800px) 100vw, 800px\" \/>\t\t\t\t\t\t\t\t\t\t\t\t\t\t\t<\/div>\n\t\t\t\t<\/div>\n\t\t\t\t<\/div>\n\t\t<div class=\"elementor-element elementor-element-3338ea2 e-con-full e-flex e-con e-child\" data-id=\"3338ea2\" data-element_type=\"container\" data-e-type=\"container\">\n\t\t\t\t<div class=\"elementor-element elementor-element-15bdd71 elementor-widget elementor-widget-text-editor\" data-id=\"15bdd71\" data-element_type=\"widget\" data-e-type=\"widget\" data-widget_type=\"text-editor.default\">\n\t\t\t\t<div class=\"elementor-widget-container\">\n\t\t\t\t\t\t\t\t\t<p>Von dem Moment an, in dem Sie die Schwelle \u00fcberschreiten, tauchen Sie in eine Welt der Gelassenheit ein, in der jedes Detail so gestaltet ist, dass es ein unvergessliches sensorisches Erlebnis bietet.<\/p><p>Jeder Winkel des Hotels ist ein Heiligtum, das dem Gleichgewicht und der Harmonie gewidmet ist.<\/p>\t\t\t\t\t\t\t\t<\/div>\n\t\t\t\t<\/div>\n\t\t\t\t<\/div>\n\t\t\t\t\t<\/div>\n\t\t\t\t<\/div>\n\t\t<div class=\"elementor-element elementor-element-9d8c21a e-flex e-con-boxed e-con e-parent\" data-id=\"9d8c21a\" data-element_type=\"container\" data-e-type=\"container\" id=\"piscinas\" data-settings=\"{&quot;background_background&quot;:&quot;classic&quot;}\">\n\t\t\t\t\t<div class=\"e-con-inner\">\n\t\t\t\t<div class=\"elementor-element elementor-element-7f88808 elementor-widget elementor-widget-heading\" data-id=\"7f88808\" data-element_type=\"widget\" data-e-type=\"widget\" data-widget_type=\"heading.default\">\n\t\t\t\t<div class=\"elementor-widget-container\">\n\t\t\t\t\t<h2 class=\"elementor-heading-title elementor-size-default\">Unsere Schwimmb\u00e4der<\/h2>\t\t\t\t<\/div>\n\t\t\t\t<\/div>\n\t\t\t\t<div class=\"elementor-element elementor-element-fc3e020 elementor-widget elementor-widget-text-editor\" data-id=\"fc3e020\" data-element_type=\"widget\" data-e-type=\"widget\" data-widget_type=\"text-editor.default\">\n\t\t\t\t<div class=\"elementor-widget-container\">\n\t\t\t\t\t\t\t\t\t<p style=\"text-align: center;\">Entspannen Sie sich zu jeder Jahreszeit am Pool des Hotels und genie\u00dfen Sie die Ruhe, die ihn umgibt. Das Hotel D&#8217;es Puig verf\u00fcgt \u00fcber zwei Swimmingpools, von denen einer beheizt ist, und liegt am Fu\u00dfe der majest\u00e4tischen Serra de Tramuntana.<\/p>\t\t\t\t\t\t\t\t<\/div>\n\t\t\t\t<\/div>\n\t\t<div class=\"elementor-element elementor-element-38310ab e-flex e-con-boxed e-con e-child\" data-id=\"38310ab\" data-element_type=\"container\" data-e-type=\"container\">\n\t\t\t\t\t<div class=\"e-con-inner\">\n\t\t<div class=\"elementor-element elementor-element-bb59c8a e-con-full e-flex e-con e-child\" data-id=\"bb59c8a\" data-element_type=\"container\" data-e-type=\"container\">\n\t\t\t\t<div class=\"elementor-element elementor-element-7c28e42 elementor-widget elementor-widget-image\" data-id=\"7c28e42\" data-element_type=\"widget\" data-e-type=\"widget\" data-widget_type=\"image.default\">\n\t\t\t\t<div class=\"elementor-widget-container\">\n\t\t\t\t\t\t\t\t\t\t\t\t\t\t\t<img decoding=\"async\" width=\"800\" height=\"534\" src=\"https:\/\/hoteldespuig.com\/de\/wp-content\/uploads\/sites\/3\/Piscina-climatizada-en-Hotel-D\u00b4es-Puig-en-Deia.webp\" class=\"attachment-large size-large wp-image-1724\" alt=\"Piscina climatizada en Hotel D\u00b4es Puig en Dei\u00e0\" srcset=\"https:\/\/hoteldespuig.com\/de\/wp-content\/uploads\/sites\/3\/Piscina-climatizada-en-Hotel-D\u00b4es-Puig-en-Deia.webp 1024w, https:\/\/hoteldespuig.com\/de\/wp-content\/uploads\/sites\/3\/Piscina-climatizada-en-Hotel-D\u00b4es-Puig-en-Deia-300x200.webp 300w, https:\/\/hoteldespuig.com\/de\/wp-content\/uploads\/sites\/3\/Piscina-climatizada-en-Hotel-D\u00b4es-Puig-en-Deia-768x512.webp 768w\" sizes=\"(max-width: 800px) 100vw, 800px\" \/>\t\t\t\t\t\t\t\t\t\t\t\t\t\t\t<\/div>\n\t\t\t\t<\/div>\n\t\t\t\t<\/div>\n\t\t<div class=\"elementor-element elementor-element-71c84bb e-con-full e-flex e-con e-child\" data-id=\"71c84bb\" data-element_type=\"container\" data-e-type=\"container\">\n\t\t\t\t<div class=\"elementor-element elementor-element-800c441 elementor-widget elementor-widget-image\" data-id=\"800c441\" data-element_type=\"widget\" data-e-type=\"widget\" data-widget_type=\"image.default\">\n\t\t\t\t<div class=\"elementor-widget-container\">\n\t\t\t\t\t\t\t\t\t\t\t\t\t\t\t<img decoding=\"async\" width=\"800\" height=\"534\" src=\"https:\/\/hoteldespuig.com\/de\/wp-content\/uploads\/sites\/3\/Piscina-en-Hotel-D\u00b4es-Puig-Deia.webp\" class=\"attachment-large size-large wp-image-1721\" alt=\"Piscina en Hotel D\u00b4es Puig Dei\u00e0\" srcset=\"https:\/\/hoteldespuig.com\/de\/wp-content\/uploads\/sites\/3\/Piscina-en-Hotel-D\u00b4es-Puig-Deia.webp 1024w, https:\/\/hoteldespuig.com\/de\/wp-content\/uploads\/sites\/3\/Piscina-en-Hotel-D\u00b4es-Puig-Deia-300x200.webp 300w, https:\/\/hoteldespuig.com\/de\/wp-content\/uploads\/sites\/3\/Piscina-en-Hotel-D\u00b4es-Puig-Deia-768x512.webp 768w\" sizes=\"(max-width: 800px) 100vw, 800px\" \/>\t\t\t\t\t\t\t\t\t\t\t\t\t\t\t<\/div>\n\t\t\t\t<\/div>\n\t\t\t\t<\/div>\n\t\t\t\t\t<\/div>\n\t\t\t\t<\/div>\n\t\t\t\t\t<\/div>\n\t\t\t\t<\/div>\n\t\t<div class=\"elementor-element elementor-element-fca3438 e-flex e-con-boxed e-con e-parent\" data-id=\"fca3438\" data-element_type=\"container\" data-e-type=\"container\" data-settings=\"{&quot;background_background&quot;:&quot;classic&quot;}\">\n\t\t\t\t\t<div class=\"e-con-inner\">\n\t\t<div class=\"elementor-element elementor-element-23c205f e-con-full e-flex e-con e-child\" data-id=\"23c205f\" data-element_type=\"container\" data-e-type=\"container\">\n\t\t\t\t<div class=\"elementor-element elementor-element-8ee77ff elementor-widget elementor-widget-image\" data-id=\"8ee77ff\" data-element_type=\"widget\" data-e-type=\"widget\" data-widget_type=\"image.default\">\n\t\t\t\t<div class=\"elementor-widget-container\">\n\t\t\t\t\t\t\t\t\t\t\t\t\t\t\t<img loading=\"lazy\" decoding=\"async\" width=\"800\" height=\"534\" src=\"https:\/\/hoteldespuig.com\/de\/wp-content\/uploads\/sites\/3\/Gimnasio-en-Hotel-D\u00b4es-Puig-Deia.webp\" class=\"attachment-large size-large wp-image-1728\" alt=\"Gimnasio en Hotel D\u00b4es Puig Dei\u00e0\" srcset=\"https:\/\/hoteldespuig.com\/de\/wp-content\/uploads\/sites\/3\/Gimnasio-en-Hotel-D\u00b4es-Puig-Deia.webp 1024w, https:\/\/hoteldespuig.com\/de\/wp-content\/uploads\/sites\/3\/Gimnasio-en-Hotel-D\u00b4es-Puig-Deia-300x200.webp 300w, https:\/\/hoteldespuig.com\/de\/wp-content\/uploads\/sites\/3\/Gimnasio-en-Hotel-D\u00b4es-Puig-Deia-768x512.webp 768w\" sizes=\"(max-width: 800px) 100vw, 800px\" \/>\t\t\t\t\t\t\t\t\t\t\t\t\t\t\t<\/div>\n\t\t\t\t<\/div>\n\t\t\t\t<\/div>\n\t\t<div class=\"elementor-element elementor-element-55f23b1 e-con-full e-flex e-con e-child\" data-id=\"55f23b1\" data-element_type=\"container\" data-e-type=\"container\">\n\t\t\t\t<div class=\"elementor-element elementor-element-8fda328 elementor-widget elementor-widget-heading\" data-id=\"8fda328\" data-element_type=\"widget\" data-e-type=\"widget\" data-widget_type=\"heading.default\">\n\t\t\t\t<div class=\"elementor-widget-container\">\n\t\t\t\t\t<h2 class=\"elementor-heading-title elementor-size-default\">Unser Gymnasium<\/h2>\t\t\t\t<\/div>\n\t\t\t\t<\/div>\n\t\t\t\t<div class=\"elementor-element elementor-element-d82f21d elementor-widget elementor-widget-text-editor\" data-id=\"d82f21d\" data-element_type=\"widget\" data-e-type=\"widget\" data-widget_type=\"text-editor.default\">\n\t\t\t\t<div class=\"elementor-widget-container\">\n\t\t\t\t\t\t\t\t\t<p style=\"text-align: justify;\">Wir haben einen Fitnessraum, damit Sie sich w\u00e4hrend Ihres Urlaubs fit halten k\u00f6nnen.<\/p>\t\t\t\t\t\t\t\t<\/div>\n\t\t\t\t<\/div>\n\t\t\t\t<\/div>\n\t\t\t\t\t<\/div>\n\t\t\t\t<\/div>\n\t\t<div class=\"elementor-element elementor-element-e928d0c e-flex e-con-boxed e-con e-parent\" data-id=\"e928d0c\" data-element_type=\"container\" data-e-type=\"container\" data-settings=\"{&quot;background_background&quot;:&quot;classic&quot;}\">\n\t\t\t\t\t<div class=\"e-con-inner\">\n\t\t<div class=\"elementor-element elementor-element-c5332ad e-con-full e-flex e-con e-child\" data-id=\"c5332ad\" data-element_type=\"container\" data-e-type=\"container\">\n\t\t\t\t<div class=\"elementor-element elementor-element-1b48b00 elementor-widget elementor-widget-heading\" data-id=\"1b48b00\" data-element_type=\"widget\" data-e-type=\"widget\" data-widget_type=\"heading.default\">\n\t\t\t\t<div class=\"elementor-widget-container\">\n\t\t\t\t\t<h2 class=\"elementor-heading-title elementor-size-default\">Massagen<\/h2>\t\t\t\t<\/div>\n\t\t\t\t<\/div>\n\t\t\t\t<div class=\"elementor-element elementor-element-e1bd192 elementor-widget elementor-widget-text-editor\" data-id=\"e1bd192\" data-element_type=\"widget\" data-e-type=\"widget\" data-widget_type=\"text-editor.default\">\n\t\t\t\t<div class=\"elementor-widget-container\">\n\t\t\t\t\t\t\t\t\t<p style=\"text-align: justify;\">Wenn Sie m\u00f6chten, k\u00f6nnen Sie auch die Massagen genie\u00dfen, die wir Ihnen vorschlagen, um unseren Kunden Harmonie, Entspannung und Ruhe zu bieten, damit das Gef\u00fchl der Erholung w\u00e4hrend ihres Urlaubs vollkommen ist.<\/p>\t\t\t\t\t\t\t\t<\/div>\n\t\t\t\t<\/div>\n\t\t\t\t<\/div>\n\t\t<div class=\"elementor-element elementor-element-70954f7 e-con-full e-flex e-con e-child\" data-id=\"70954f7\" data-element_type=\"container\" data-e-type=\"container\">\n\t\t\t\t<div class=\"elementor-element elementor-element-d889fe8 elementor-widget elementor-widget-image\" data-id=\"d889fe8\" data-element_type=\"widget\" data-e-type=\"widget\" data-widget_type=\"image.default\">\n\t\t\t\t<div class=\"elementor-widget-container\">\n\t\t\t\t\t\t\t\t\t\t\t\t\t\t\t<img loading=\"lazy\" decoding=\"async\" width=\"800\" height=\"534\" src=\"https:\/\/hoteldespuig.com\/de\/wp-content\/uploads\/sites\/3\/Masajes-en-Hotel-D\u00b4es-Puig-Deia.webp\" class=\"attachment-large size-large wp-image-1732\" alt=\"Masajes en Hotel D\u00b4es Puig Dei\u00e0\" srcset=\"https:\/\/hoteldespuig.com\/de\/wp-content\/uploads\/sites\/3\/Masajes-en-Hotel-D\u00b4es-Puig-Deia.webp 1024w, https:\/\/hoteldespuig.com\/de\/wp-content\/uploads\/sites\/3\/Masajes-en-Hotel-D\u00b4es-Puig-Deia-300x200.webp 300w, https:\/\/hoteldespuig.com\/de\/wp-content\/uploads\/sites\/3\/Masajes-en-Hotel-D\u00b4es-Puig-Deia-768x512.webp 768w\" sizes=\"(max-width: 800px) 100vw, 800px\" \/>\t\t\t\t\t\t\t\t\t\t\t\t\t\t\t<\/div>\n\t\t\t\t<\/div>\n\t\t\t\t<\/div>\n\t\t\t\t\t<\/div>\n\t\t\t\t<\/div>\n\t\t<div class=\"elementor-element elementor-element-c48f5c2 e-flex e-con-boxed e-con e-parent\" data-id=\"c48f5c2\" data-element_type=\"container\" data-e-type=\"container\" data-settings=\"{&quot;background_background&quot;:&quot;classic&quot;}\">\n\t\t\t\t\t<div class=\"e-con-inner\">\n\t\t<div class=\"elementor-element elementor-element-fe489cf e-con-full e-flex e-con e-child\" data-id=\"fe489cf\" data-element_type=\"container\" data-e-type=\"container\">\n\t\t\t\t<div class=\"elementor-element elementor-element-6f8fc17 elementor-widget elementor-widget-image\" data-id=\"6f8fc17\" data-element_type=\"widget\" data-e-type=\"widget\" data-widget_type=\"image.default\">\n\t\t\t\t<div class=\"elementor-widget-container\">\n\t\t\t\t\t\t\t\t\t\t\t\t\t\t\t<img loading=\"lazy\" decoding=\"async\" width=\"800\" height=\"534\" src=\"https:\/\/hoteldespuig.com\/de\/wp-content\/uploads\/sites\/3\/Espacio-para-bicicletas-en-Hotel-D\u00b4es-Puig-Deia.webp\" class=\"attachment-large size-large wp-image-1770\" alt=\"Espacio para bicicletas en Hotel D\u00b4es Puig Dei\u00e0\" srcset=\"https:\/\/hoteldespuig.com\/de\/wp-content\/uploads\/sites\/3\/Espacio-para-bicicletas-en-Hotel-D\u00b4es-Puig-Deia.webp 1024w, https:\/\/hoteldespuig.com\/de\/wp-content\/uploads\/sites\/3\/Espacio-para-bicicletas-en-Hotel-D\u00b4es-Puig-Deia-300x200.webp 300w, https:\/\/hoteldespuig.com\/de\/wp-content\/uploads\/sites\/3\/Espacio-para-bicicletas-en-Hotel-D\u00b4es-Puig-Deia-768x512.webp 768w\" sizes=\"(max-width: 800px) 100vw, 800px\" \/>\t\t\t\t\t\t\t\t\t\t\t\t\t\t\t<\/div>\n\t\t\t\t<\/div>\n\t\t\t\t<\/div>\n\t\t<div class=\"elementor-element elementor-element-9b359d7 e-con-full e-flex e-con e-child\" data-id=\"9b359d7\" data-element_type=\"container\" data-e-type=\"container\">\n\t\t\t\t<div class=\"elementor-element elementor-element-a88033e elementor-widget elementor-widget-heading\" data-id=\"a88033e\" data-element_type=\"widget\" data-e-type=\"widget\" data-widget_type=\"heading.default\">\n\t\t\t\t<div class=\"elementor-widget-container\">\n\t\t\t\t\t<h2 class=\"elementor-heading-title elementor-size-default\">Platz f\u00fcr Fahrr\u00e4der<\/h2>\t\t\t\t<\/div>\n\t\t\t\t<\/div>\n\t\t\t\t<div class=\"elementor-element elementor-element-2f6a643 elementor-widget elementor-widget-text-editor\" data-id=\"2f6a643\" data-element_type=\"widget\" data-e-type=\"widget\" data-widget_type=\"text-editor.default\">\n\t\t\t\t<div class=\"elementor-widget-container\">\n\t\t\t\t\t\t\t\t\t<p style=\"text-align: justify;\">Wir haben auch einen Raum in unseren Einrichtungen, der f\u00fcr Radfahrer geeignet ist, damit Sie Ihre Ausr\u00fcstung aufbewahren und in einwandfreiem Zustand halten k\u00f6nnen.<\/p>\t\t\t\t\t\t\t\t<\/div>\n\t\t\t\t<\/div>\n\t\t\t\t<\/div>\n\t\t\t\t\t<\/div>\n\t\t\t\t<\/div>\n\t\t\t\t<\/div>\n\t\t","protected":false},"excerpt":{"rendered":"<p>Wohlfahrt Finden Sie den Zustand des Wohlbefindens im Hotel D&#8217;es Puig Erneuern Sie Ihren K\u00f6rper und Geist Das Hotel D&#8217;es Puig bietet nicht nur eine charmante Unterkunft, sondern auch ein ganzheitliches Wellness-Erlebnis, das K\u00f6rper, Geist und Seele n\u00e4hrt. Von dem Moment an, in dem Sie die Schwelle \u00fcberschreiten, tauchen Sie in eine Welt der Gelassenheit [&hellip;]<\/p>\n","protected":false},"author":1,"featured_media":0,"parent":0,"menu_order":0,"comment_status":"closed","ping_status":"closed","template":"elementor_header_footer","meta":{"_acf_changed":false,"footnotes":""},"class_list":["post-1684","page","type-page","status-publish","hentry"],"acf":[],"_links":{"self":[{"href":"https:\/\/hoteldespuig.com\/de\/wp-json\/wp\/v2\/pages\/1684","targetHints":{"allow":["GET"]}}],"collection":[{"href":"https:\/\/hoteldespuig.com\/de\/wp-json\/wp\/v2\/pages"}],"about":[{"href":"https:\/\/hoteldespuig.com\/de\/wp-json\/wp\/v2\/types\/page"}],"author":[{"embeddable":true,"href":"https:\/\/hoteldespuig.com\/de\/wp-json\/wp\/v2\/users\/1"}],"replies":[{"embeddable":true,"href":"https:\/\/hoteldespuig.com\/de\/wp-json\/wp\/v2\/comments?post=1684"}],"version-history":[{"count":3,"href":"https:\/\/hoteldespuig.com\/de\/wp-json\/wp\/v2\/pages\/1684\/revisions"}],"predecessor-version":[{"id":2399,"href":"https:\/\/hoteldespuig.com\/de\/wp-json\/wp\/v2\/pages\/1684\/revisions\/2399"}],"wp:attachment":[{"href":"https:\/\/hoteldespuig.com\/de\/wp-json\/wp\/v2\/media?parent=1684"}],"curies":[{"name":"wp","href":"https:\/\/api.w.org\/{rel}","templated":true}]}}