{"id":1985,"date":"2024-01-15T12:17:03","date_gmt":"2024-01-15T12:17:03","guid":{"rendered":"https:\/\/hoteldespuig.com\/actividades-en-la-tramuntana-2\/"},"modified":"2025-03-10T14:05:19","modified_gmt":"2025-03-10T14:05:19","slug":"deia-mallorca","status":"publish","type":"page","link":"https:\/\/hoteldespuig.com\/de\/deia-mallorca\/","title":{"rendered":"Dei\u00e0 Mallorca"},"content":{"rendered":"\t\t<div data-elementor-type=\"wp-page\" data-elementor-id=\"1985\" class=\"elementor elementor-1985\" data-elementor-post-type=\"page\">\n\t\t\t\t<div class=\"elementor-element elementor-element-718aa67 e-flex e-con-boxed e-con e-parent\" data-id=\"718aa67\" data-element_type=\"container\" data-e-type=\"container\" data-settings=\"{&quot;background_background&quot;:&quot;classic&quot;}\">\n\t\t\t\t\t<div class=\"e-con-inner\">\n\t\t<div class=\"elementor-element elementor-element-2ecba9b e-con-full e-flex elementor-invisible e-con e-child\" data-id=\"2ecba9b\" data-element_type=\"container\" data-e-type=\"container\" data-settings=\"{&quot;animation&quot;:&quot;fadeInLeft&quot;}\">\n\t\t\t\t<div class=\"elementor-element elementor-element-9877ad1 elementor-widget elementor-widget-heading\" data-id=\"9877ad1\" data-element_type=\"widget\" data-e-type=\"widget\" data-settings=\"{&quot;_animation&quot;:&quot;none&quot;}\" data-widget_type=\"heading.default\">\n\t\t\t\t<div class=\"elementor-widget-container\">\n\t\t\t\t\t<h1 class=\"elementor-heading-title elementor-size-default\">Dei\u00e0 | Mallorca<\/h1>\t\t\t\t<\/div>\n\t\t\t\t<\/div>\n\t\t\t\t<\/div>\n\t\t\t\t\t<\/div>\n\t\t\t\t<\/div>\n\t\t<div class=\"elementor-element elementor-element-18e7a87 e-flex e-con-boxed e-con e-parent\" data-id=\"18e7a87\" data-element_type=\"container\" data-e-type=\"container\">\n\t\t\t\t\t<div class=\"e-con-inner\">\n\t\t\t\t<div class=\"elementor-element elementor-element-19b2ece elementor-widget elementor-widget-heading\" data-id=\"19b2ece\" data-element_type=\"widget\" data-e-type=\"widget\" data-widget_type=\"heading.default\">\n\t\t\t\t<div class=\"elementor-widget-container\">\n\t\t\t\t\t<h2 class=\"elementor-heading-title elementor-size-default\">Lassen Sie sich von dem zeitlosen Charme von Dei\u00e0 auf Mallorca verf\u00fchren<\/h2>\t\t\t\t<\/div>\n\t\t\t\t<\/div>\n\t\t\t\t<div class=\"elementor-element elementor-element-59cf6eb elementor-widget elementor-widget-heading\" data-id=\"59cf6eb\" data-element_type=\"widget\" data-e-type=\"widget\" data-settings=\"{&quot;_animation&quot;:&quot;none&quot;,&quot;_animation_delay&quot;:200}\" data-widget_type=\"heading.default\">\n\t\t\t\t<div class=\"elementor-widget-container\">\n\t\t\t\t\t<h3 class=\"elementor-heading-title elementor-size-default\">Das versteckte Juwel der Serra de Tramuntana-Gebirgskette<\/h3>\t\t\t\t<\/div>\n\t\t\t\t<\/div>\n\t\t\t\t<div class=\"elementor-element elementor-element-7bc33a7 elementor-widget elementor-widget-text-editor\" data-id=\"7bc33a7\" data-element_type=\"widget\" data-e-type=\"widget\" data-widget_type=\"text-editor.default\">\n\t\t\t\t<div class=\"elementor-widget-container\">\n\t\t\t\t\t\t\t\t\t<p style=\"text-align: center;\">Die\u00a0<b>Dorf Dei\u00e0<\/b>, unter <b>Mallorca<\/b>, gilt als eines der sch\u00f6nsten D\u00f6rfer in <b>Spanien<\/b>. Sie befindet sich in der\u00a0<b>Tramuntanagebirge<\/b>, in einer herrlichen Enklave mit gr\u00fcnen Klippen und <b>N\u00e4he zum Mittelmeer<\/b>. 2010 von der UNESCO zum Weltkulturerbe erkl\u00e4rt.<\/p>\n<p style=\"text-align: center;\"><\/p>\t\t\t\t\t\t\t\t<\/div>\n\t\t\t\t<\/div>\n\t\t\t\t\t<\/div>\n\t\t\t\t<\/div>\n\t\t<div class=\"elementor-element elementor-element-069e8dd e-con-full elementor-hidden-tablet elementor-hidden-mobile e-flex e-con e-parent\" data-id=\"069e8dd\" data-element_type=\"container\" data-e-type=\"container\" data-settings=\"{&quot;background_background&quot;:&quot;classic&quot;}\">\n\t\t<div class=\"elementor-element elementor-element-1ac7f48 e-flex e-con-boxed e-con e-child\" data-id=\"1ac7f48\" data-element_type=\"container\" data-e-type=\"container\">\n\t\t\t\t\t<div class=\"e-con-inner\">\n\t\t\t\t<div class=\"elementor-element elementor-element-8fda328 elementor-widget elementor-widget-heading\" data-id=\"8fda328\" data-element_type=\"widget\" data-e-type=\"widget\" data-widget_type=\"heading.default\">\n\t\t\t\t<div class=\"elementor-widget-container\">\n\t\t\t\t\t<h2 class=\"elementor-heading-title elementor-size-default\">Quelle der Inspiration f\u00fcr K\u00fcnstler<\/h2>\t\t\t\t<\/div>\n\t\t\t\t<\/div>\n\t\t\t\t<div class=\"elementor-element elementor-element-d82f21d elementor-widget elementor-widget-text-editor\" data-id=\"d82f21d\" data-element_type=\"widget\" data-e-type=\"widget\" data-widget_type=\"text-editor.default\">\n\t\t\t\t<div class=\"elementor-widget-container\">\n\t\t\t\t\t\t\t\t\t<p style=\"text-align: justify;\">Dei\u00e0 ist ein Ort, an dem sich Tradition und Moderne harmonisch vermischen. Die engen Kopfsteinpflasterstra\u00dfen und Steinh\u00e4user mischen sich mit modischen Boutiquen, Kunstgalerien und erstklassigen Restaurants. Jeder Winkel dieses malerischen Dorfes strahlt eine Aura von Authentizit\u00e4t und Gelassenheit aus, die dazu einl\u00e4dt, sich in den charmanten Stra\u00dfen und Pl\u00e4tzen zu verlieren.<\/p><p style=\"text-align: justify;\">Die reiche Geschichte Dei\u00e0s ist in jeder Ecke zu sp\u00fcren, von den alten Ruinen, die durch die Vegetation lugen, bis hin zu den jahrhundertealten Kirchen, die die Skyline dominieren. K\u00fcnstler, Schriftsteller und Musiker haben sich von der ruhigen Sch\u00f6nheit dieses Ortes inspirieren lassen und ihn zu einer Oase der Kreativit\u00e4t und Kontemplation gemacht.<\/p><p style=\"text-align: justify;\">Dar\u00fcber hinaus bietet die lebendige Kulturszene von Dei\u00e0 die M\u00f6glichkeit, in k\u00fcnstlerische Veranstaltungen, Konzerte und Festivals einzutauchen, die das reiche kulturelle Erbe der Region feiern. Ob Sie eine Auff\u00fchrung traditioneller mallorquinischer Musik genie\u00dfen oder eine zeitgen\u00f6ssische Kunstausstellung besuchen, in dieser charmanten Stadt gibt es immer etwas Spannendes zu entdecken.<\/p>\t\t\t\t\t\t\t\t<\/div>\n\t\t\t\t<\/div>\n\t\t\t\t\t<\/div>\n\t\t\t\t<\/div>\n\t\t<div class=\"elementor-element elementor-element-eb4195b elementor-hidden-mobile e-flex e-con-boxed e-con e-child\" data-id=\"eb4195b\" data-element_type=\"container\" data-e-type=\"container\">\n\t\t\t\t\t<div class=\"e-con-inner\">\n\t\t\t\t\t<\/div>\n\t\t\t\t<\/div>\n\t\t\t\t<\/div>\n\t\t<div class=\"elementor-element elementor-element-d63fbd0 e-con-full elementor-hidden-desktop e-flex e-con e-parent\" data-id=\"d63fbd0\" data-element_type=\"container\" data-e-type=\"container\" data-settings=\"{&quot;background_background&quot;:&quot;classic&quot;}\">\n\t\t<div class=\"elementor-element elementor-element-79454a3 e-flex e-con-boxed e-con e-child\" data-id=\"79454a3\" data-element_type=\"container\" data-e-type=\"container\">\n\t\t\t\t\t<div class=\"e-con-inner\">\n\t\t\t\t<div class=\"elementor-element elementor-element-30858f3 elementor-widget elementor-widget-heading\" data-id=\"30858f3\" data-element_type=\"widget\" data-e-type=\"widget\" data-widget_type=\"heading.default\">\n\t\t\t\t<div class=\"elementor-widget-container\">\n\t\t\t\t\t<h2 class=\"elementor-heading-title elementor-size-default\">Fuente de inspiraci\u00f3n de artistas<\/h2>\t\t\t\t<\/div>\n\t\t\t\t<\/div>\n\t\t\t\t<div class=\"elementor-element elementor-element-38468ce elementor-widget elementor-widget-text-editor\" data-id=\"38468ce\" data-element_type=\"widget\" data-e-type=\"widget\" data-widget_type=\"text-editor.default\">\n\t\t\t\t<div class=\"elementor-widget-container\">\n\t\t\t\t\t\t\t\t\t<p style=\"text-align: justify;\">Dei\u00e0 es un lugar donde la tradici\u00f3n y la modernidad se fusionan armoniosamente. Sus estrechas calles empedradas y sus casas de piedra se mezclan con boutiques de moda, galer\u00edas de arte y restaurantes de clase mundial. Cada rinc\u00f3n de este pintoresco pueblo emana un aura de autenticidad y serenidad que invita a perderse en sus encantadoras calles y plazas.<\/p><p style=\"text-align: justify;\">La rica historia de Dei\u00e0 se puede sentir en cada rinc\u00f3n, desde las antiguas ruinas que se asoman entre la vegetaci\u00f3n hasta las iglesias centenarias que dominan el horizonte. Artistas, escritores y m\u00fasicos han encontrado inspiraci\u00f3n en la belleza tranquila de este lugar, convirti\u00e9ndolo en un refugio para la creatividad y la contemplaci\u00f3n.<\/p><p style=\"text-align: justify;\">Adem\u00e1s, la vibrante escena cultural de Dei\u00e0 brinda la oportunidad de sumergirse en eventos art\u00edsticos, conciertos y festivales que celebran la rica herencia cultural de la regi\u00f3n. Ya sea disfrutando de una actuaci\u00f3n de m\u00fasica tradicional mallorquina o explorando una exposici\u00f3n de arte contempor\u00e1neo, siempre hay algo emocionante que descubrir en este pueblo encantador.<\/p>\t\t\t\t\t\t\t\t<\/div>\n\t\t\t\t<\/div>\n\t\t\t\t\t<\/div>\n\t\t\t\t<\/div>\n\t\t<div class=\"elementor-element elementor-element-26aef85 elementor-hidden-mobile e-flex e-con-boxed e-con e-child\" data-id=\"26aef85\" data-element_type=\"container\" data-e-type=\"container\">\n\t\t\t\t\t<div class=\"e-con-inner\">\n\t\t\t\t\t<\/div>\n\t\t\t\t<\/div>\n\t\t\t\t<\/div>\n\t\t<div class=\"elementor-element elementor-element-3a4e7c9 e-flex e-con-boxed e-con e-parent\" data-id=\"3a4e7c9\" data-element_type=\"container\" data-e-type=\"container\" data-settings=\"{&quot;background_background&quot;:&quot;classic&quot;}\">\n\t\t\t\t\t<div class=\"e-con-inner\">\n\t\t<div class=\"elementor-element elementor-element-518a271 e-con-full e-flex e-con e-child\" data-id=\"518a271\" data-element_type=\"container\" data-e-type=\"container\">\n\t\t\t\t<div class=\"elementor-element elementor-element-3009bcb elementor-widget elementor-widget-heading\" data-id=\"3009bcb\" data-element_type=\"widget\" data-e-type=\"widget\" data-widget_type=\"heading.default\">\n\t\t\t\t<div class=\"elementor-widget-container\">\n\t\t\t\t\t<h5 class=\"elementor-heading-title elementor-size-default\">Andere interessante Orte auf Mallorca in der N\u00e4he von Dei\u00e0<\/h5>\t\t\t\t<\/div>\n\t\t\t\t<\/div>\n\t\t\t\t<div class=\"elementor-element elementor-element-3c6779d elementor-widget elementor-widget-text-editor\" data-id=\"3c6779d\" data-element_type=\"widget\" data-e-type=\"widget\" data-widget_type=\"text-editor.default\">\n\t\t\t\t<div class=\"elementor-widget-container\">\n\t\t\t\t\t\t\t\t\t<p>Dei\u00e0 bietet einen einfachen Zugang zu einer Vielzahl von Sehensw\u00fcrdigkeiten, die Besucher aller Altersgruppen und Interessen begeistern werden.<\/p>\t\t\t\t\t\t\t\t<\/div>\n\t\t\t\t<\/div>\n\t\t<div class=\"elementor-element elementor-element-65ac8e9 e-con-full e-flex e-con e-child\" data-id=\"65ac8e9\" data-element_type=\"container\" data-e-type=\"container\">\n\t\t<div class=\"elementor-element elementor-element-541aee4 e-con-full e-flex elementor-invisible e-con e-child\" data-id=\"541aee4\" data-element_type=\"container\" data-e-type=\"container\" data-settings=\"{&quot;background_background&quot;:&quot;classic&quot;,&quot;animation&quot;:&quot;fadeInUp&quot;,&quot;animation_delay&quot;:400}\">\n\t\t\t\t<div class=\"elementor-element elementor-element-b518590 elementor-cta--skin-cover elementor-cta--valign-bottom elementor-widget__width-initial elementor-bg-transform elementor-bg-transform-move-up elementor-animated-content elementor-widget elementor-widget-call-to-action\" data-id=\"b518590\" data-element_type=\"widget\" data-e-type=\"widget\" data-widget_type=\"call-to-action.default\">\n\t\t\t\t<div class=\"elementor-widget-container\">\n\t\t\t\t\t\t\t<div class=\"elementor-cta\">\n\t\t\t\t\t<div class=\"elementor-cta__bg-wrapper\">\n\t\t\t\t<div class=\"elementor-cta__bg elementor-bg\" style=\"background-image: url(https:\/\/hoteldespuig.com\/de\/wp-content\/uploads\/sites\/3\/Cala-Deia-en-Mallorca.webp);\" role=\"img\" aria-label=\"Cala Dei\u00e0 en Mallorca\"><\/div>\n\t\t\t\t<div class=\"elementor-cta__bg-overlay\"><\/div>\n\t\t\t<\/div>\n\t\t\t\t\t\t\t<div class=\"elementor-cta__content\">\n\t\t\t\t\n\t\t\t\t\t\t\t\t\t<h2 class=\"elementor-cta__title elementor-cta__content-item elementor-content-item elementor-animated-item--move-up\">\n\t\t\t\t\t\tCala Dei\u00e0\t\t\t\t\t<\/h2>\n\t\t\t\t\n\t\t\t\t\t\t\t\t\t<div class=\"elementor-cta__description elementor-cta__content-item elementor-content-item elementor-animated-item--move-up\">\n\t\t\t\t\t\tHier k\u00f6nnen die Besucher einen entspannten Tag am Strand verbringen, im ruhigen Wasser schnorcheln oder in einem der Restaurants am Meer k\u00f6stliche Meeresfr\u00fcchte genie\u00dfen.\t\t\t\t\t<\/div>\n\t\t\t\t\n\t\t\t\t\t\t\t<\/div>\n\t\t\t\t\t\t<\/div>\n\t\t\t\t\t\t<\/div>\n\t\t\t\t<\/div>\n\t\t\t\t<\/div>\n\t\t<div class=\"elementor-element elementor-element-0ebe69d e-con-full e-flex elementor-invisible e-con e-child\" data-id=\"0ebe69d\" data-element_type=\"container\" data-e-type=\"container\" data-settings=\"{&quot;background_background&quot;:&quot;classic&quot;,&quot;animation&quot;:&quot;fadeInUp&quot;,&quot;animation_delay&quot;:400}\">\n\t\t\t\t<div class=\"elementor-element elementor-element-e5616eb elementor-cta--skin-cover elementor-cta--valign-bottom elementor-widget__width-initial elementor-bg-transform elementor-bg-transform-move-up elementor-animated-content elementor-widget elementor-widget-call-to-action\" data-id=\"e5616eb\" data-element_type=\"widget\" data-e-type=\"widget\" data-widget_type=\"call-to-action.default\">\n\t\t\t\t<div class=\"elementor-widget-container\">\n\t\t\t\t\t\t\t<div class=\"elementor-cta\">\n\t\t\t\t\t<div class=\"elementor-cta__bg-wrapper\">\n\t\t\t\t<div class=\"elementor-cta__bg elementor-bg\" style=\"background-image: url(https:\/\/hoteldespuig.com\/de\/wp-content\/uploads\/sites\/3\/Valldemossa-en-Mallorca.webp);\" role=\"img\" aria-label=\"Valldemossa en Mallorca\"><\/div>\n\t\t\t\t<div class=\"elementor-cta__bg-overlay\"><\/div>\n\t\t\t<\/div>\n\t\t\t\t\t\t\t<div class=\"elementor-cta__content\">\n\t\t\t\t\n\t\t\t\t\t\t\t\t\t<h2 class=\"elementor-cta__title elementor-cta__content-item elementor-content-item elementor-animated-item--move-up\">\n\t\t\t\t\t\tValldemossa\t\t\t\t\t<\/h2>\n\t\t\t\t\n\t\t\t\t\t\t\t\t\t<div class=\"elementor-cta__description elementor-cta__content-item elementor-content-item elementor-animated-item--move-up\">\n\t\t\t\t\t\tValldemossa mit seinen gepflasterten Stra\u00dfen und seiner mittelalterlichen Architektur ist ber\u00fchmt f\u00fcr sein Kart\u00e4userkloster, in dem die ber\u00fchmte Schriftstellerin George Sand und der Komponist Fr\u00e9d\u00e9ric Chopin einige Zeit verbrachten.\t\t\t\t\t<\/div>\n\t\t\t\t\n\t\t\t\t\t\t\t<\/div>\n\t\t\t\t\t\t<\/div>\n\t\t\t\t\t\t<\/div>\n\t\t\t\t<\/div>\n\t\t\t\t<\/div>\n\t\t<div class=\"elementor-element elementor-element-197e5fe e-con-full e-flex elementor-invisible e-con e-child\" data-id=\"197e5fe\" data-element_type=\"container\" data-e-type=\"container\" data-settings=\"{&quot;background_background&quot;:&quot;classic&quot;,&quot;animation&quot;:&quot;fadeInUp&quot;,&quot;animation_delay&quot;:400}\">\n\t\t\t\t<div class=\"elementor-element elementor-element-f96e3e0 elementor-cta--skin-cover elementor-cta--valign-bottom elementor-widget__width-initial elementor-bg-transform elementor-bg-transform-move-up elementor-animated-content elementor-widget elementor-widget-call-to-action\" data-id=\"f96e3e0\" data-element_type=\"widget\" data-e-type=\"widget\" data-widget_type=\"call-to-action.default\">\n\t\t\t\t<div class=\"elementor-widget-container\">\n\t\t\t\t\t\t\t<div class=\"elementor-cta\">\n\t\t\t\t\t<div class=\"elementor-cta__bg-wrapper\">\n\t\t\t\t<div class=\"elementor-cta__bg elementor-bg\" style=\"background-image: url(https:\/\/hoteldespuig.com\/de\/wp-content\/uploads\/sites\/3\/Tren-de-Soller-en-Mallorca.webp);\" role=\"img\" aria-label=\"Tren de S\u00f3ller en Mallorca\"><\/div>\n\t\t\t\t<div class=\"elementor-cta__bg-overlay\"><\/div>\n\t\t\t<\/div>\n\t\t\t\t\t\t\t<div class=\"elementor-cta__content\">\n\t\t\t\t\n\t\t\t\t\t\t\t\t\t<h2 class=\"elementor-cta__title elementor-cta__content-item elementor-content-item elementor-animated-item--move-up\">\n\t\t\t\t\t\tS\u00f3ller\t\t\t\t\t<\/h2>\n\t\t\t\t\n\t\t\t\t\t\t\t\t\t<div class=\"elementor-cta__description elementor-cta__content-item elementor-content-item elementor-animated-item--move-up\">\n\t\t\t\t\t\tEiner der H\u00f6hepunkte ist der historische S\u00f3ller-Zug, der sich durch die malerische Berglandschaft zum Hafen von S\u00f3ller schl\u00e4ngelt.\t\t\t\t\t<\/div>\n\t\t\t\t\n\t\t\t\t\t\t\t<\/div>\n\t\t\t\t\t\t<\/div>\n\t\t\t\t\t\t<\/div>\n\t\t\t\t<\/div>\n\t\t\t\t<\/div>\n\t\t\t\t<\/div>\n\t\t\t\t<\/div>\n\t\t\t\t\t<\/div>\n\t\t\t\t<\/div>\n\t\t\t\t<\/div>\n\t\t","protected":false},"excerpt":{"rendered":"<p>Dei\u00e0 | Mallorca Lassen Sie sich von dem zeitlosen Charme von Dei\u00e0 auf Mallorca verf\u00fchren Das versteckte Juwel der Serra de Tramuntana-Gebirgskette Die\u00a0Dorf Dei\u00e0, unter Mallorca, gilt als eines der sch\u00f6nsten D\u00f6rfer in Spanien. Sie befindet sich in der\u00a0Tramuntanagebirge, in einer herrlichen Enklave mit gr\u00fcnen Klippen und N\u00e4he zum Mittelmeer. 2010 von der UNESCO zum [&hellip;]<\/p>\n","protected":false},"author":1,"featured_media":0,"parent":0,"menu_order":0,"comment_status":"closed","ping_status":"closed","template":"elementor_header_footer","meta":{"_acf_changed":false,"footnotes":""},"class_list":["post-1985","page","type-page","status-publish","hentry"],"acf":[],"_links":{"self":[{"href":"https:\/\/hoteldespuig.com\/de\/wp-json\/wp\/v2\/pages\/1985","targetHints":{"allow":["GET"]}}],"collection":[{"href":"https:\/\/hoteldespuig.com\/de\/wp-json\/wp\/v2\/pages"}],"about":[{"href":"https:\/\/hoteldespuig.com\/de\/wp-json\/wp\/v2\/types\/page"}],"author":[{"embeddable":true,"href":"https:\/\/hoteldespuig.com\/de\/wp-json\/wp\/v2\/users\/1"}],"replies":[{"embeddable":true,"href":"https:\/\/hoteldespuig.com\/de\/wp-json\/wp\/v2\/comments?post=1985"}],"version-history":[{"count":3,"href":"https:\/\/hoteldespuig.com\/de\/wp-json\/wp\/v2\/pages\/1985\/revisions"}],"predecessor-version":[{"id":2405,"href":"https:\/\/hoteldespuig.com\/de\/wp-json\/wp\/v2\/pages\/1985\/revisions\/2405"}],"wp:attachment":[{"href":"https:\/\/hoteldespuig.com\/de\/wp-json\/wp\/v2\/media?parent=1985"}],"curies":[{"name":"wp","href":"https:\/\/api.w.org\/{rel}","templated":true}]}}