{"id":1985,"date":"2024-01-15T12:17:03","date_gmt":"2024-01-15T12:17:03","guid":{"rendered":"https:\/\/hoteldespuig.com\/actividades-en-la-tramuntana-2\/"},"modified":"2025-03-10T13:06:18","modified_gmt":"2025-03-10T13:06:18","slug":"deia-mallorca","status":"publish","type":"page","link":"https:\/\/hoteldespuig.com\/en\/deia-mallorca\/","title":{"rendered":"Dei\u00e0 Mallorca"},"content":{"rendered":"\t\t<div data-elementor-type=\"wp-page\" data-elementor-id=\"1985\" class=\"elementor elementor-1985\" data-elementor-post-type=\"page\">\n\t\t\t\t<div class=\"elementor-element elementor-element-718aa67 e-flex e-con-boxed e-con e-parent\" data-id=\"718aa67\" data-element_type=\"container\" data-e-type=\"container\" data-settings=\"{&quot;background_background&quot;:&quot;classic&quot;}\">\n\t\t\t\t\t<div class=\"e-con-inner\">\n\t\t<div class=\"elementor-element elementor-element-2ecba9b e-con-full e-flex elementor-invisible e-con e-child\" data-id=\"2ecba9b\" data-element_type=\"container\" data-e-type=\"container\" data-settings=\"{&quot;animation&quot;:&quot;fadeInLeft&quot;}\">\n\t\t\t\t<div class=\"elementor-element elementor-element-9877ad1 elementor-widget elementor-widget-heading\" data-id=\"9877ad1\" data-element_type=\"widget\" data-e-type=\"widget\" data-settings=\"{&quot;_animation&quot;:&quot;none&quot;}\" data-widget_type=\"heading.default\">\n\t\t\t\t<div class=\"elementor-widget-container\">\n\t\t\t\t\t<h1 class=\"elementor-heading-title elementor-size-default\">Dei\u00e0 | Mallorca<\/h1>\t\t\t\t<\/div>\n\t\t\t\t<\/div>\n\t\t\t\t<\/div>\n\t\t\t\t\t<\/div>\n\t\t\t\t<\/div>\n\t\t<div class=\"elementor-element elementor-element-18e7a87 e-flex e-con-boxed e-con e-parent\" data-id=\"18e7a87\" data-element_type=\"container\" data-e-type=\"container\">\n\t\t\t\t\t<div class=\"e-con-inner\">\n\t\t\t\t<div class=\"elementor-element elementor-element-19b2ece elementor-widget elementor-widget-heading\" data-id=\"19b2ece\" data-element_type=\"widget\" data-e-type=\"widget\" data-widget_type=\"heading.default\">\n\t\t\t\t<div class=\"elementor-widget-container\">\n\t\t\t\t\t<h2 class=\"elementor-heading-title elementor-size-default\">Be seduced by the timeless charm of Dei\u00e0 in Mallorca<\/h2>\t\t\t\t<\/div>\n\t\t\t\t<\/div>\n\t\t\t\t<div class=\"elementor-element elementor-element-59cf6eb elementor-widget elementor-widget-heading\" data-id=\"59cf6eb\" data-element_type=\"widget\" data-e-type=\"widget\" data-settings=\"{&quot;_animation&quot;:&quot;none&quot;,&quot;_animation_delay&quot;:200}\" data-widget_type=\"heading.default\">\n\t\t\t\t<div class=\"elementor-widget-container\">\n\t\t\t\t\t<h3 class=\"elementor-heading-title elementor-size-default\">The hidden jewel of the Tramuntana Mountains<\/h3>\t\t\t\t<\/div>\n\t\t\t\t<\/div>\n\t\t\t\t<div class=\"elementor-element elementor-element-7bc33a7 elementor-widget elementor-widget-text-editor\" data-id=\"7bc33a7\" data-element_type=\"widget\" data-e-type=\"widget\" data-widget_type=\"text-editor.default\">\n\t\t\t\t<div class=\"elementor-widget-container\">\n\t\t\t\t\t\t\t\t\t<p style=\"text-align: center;\">The\u00a0<b>village of Dei\u00e0<\/b>, in\u00a0<b>Mallorca<\/b>, is considered one of the most beautiful villages in the country of\u00a0<b>Spain<\/b>. It is located in the\u00a0<b>Tramuntana Mountains<\/b>, in a marvelous enclave tinged with green crags and\u00a0<b>by the Mediterranean Sea<\/b>. Declared a UNESCO World Heritage Site in 2010.<\/p>\n<p style=\"text-align: center;\"><\/p>\t\t\t\t\t\t\t\t<\/div>\n\t\t\t\t<\/div>\n\t\t\t\t\t<\/div>\n\t\t\t\t<\/div>\n\t\t<div class=\"elementor-element elementor-element-069e8dd e-con-full elementor-hidden-tablet elementor-hidden-mobile e-flex e-con e-parent\" data-id=\"069e8dd\" data-element_type=\"container\" data-e-type=\"container\" data-settings=\"{&quot;background_background&quot;:&quot;classic&quot;}\">\n\t\t<div class=\"elementor-element elementor-element-1ac7f48 e-flex e-con-boxed e-con e-child\" data-id=\"1ac7f48\" data-element_type=\"container\" data-e-type=\"container\">\n\t\t\t\t\t<div class=\"e-con-inner\">\n\t\t\t\t<div class=\"elementor-element elementor-element-8fda328 elementor-widget elementor-widget-heading\" data-id=\"8fda328\" data-element_type=\"widget\" data-e-type=\"widget\" data-widget_type=\"heading.default\">\n\t\t\t\t<div class=\"elementor-widget-container\">\n\t\t\t\t\t<h2 class=\"elementor-heading-title elementor-size-default\">Source of inspiration for artists<\/h2>\t\t\t\t<\/div>\n\t\t\t\t<\/div>\n\t\t\t\t<div class=\"elementor-element elementor-element-d82f21d elementor-widget elementor-widget-text-editor\" data-id=\"d82f21d\" data-element_type=\"widget\" data-e-type=\"widget\" data-widget_type=\"text-editor.default\">\n\t\t\t\t<div class=\"elementor-widget-container\">\n\t\t\t\t\t\t\t\t\t<p style=\"text-align: justify;\">Dei\u00e0 is a place where tradition and modernity blend harmoniously. Its narrow cobbled streets and stone houses mingle with trendy boutiques, art galleries and world-class restaurants. Every corner of this picturesque village exudes an aura of authenticity and serenity that invites you to lose yourself in its charming streets and squares.<\/p><p style=\"text-align: justify;\">The rich history of Dei\u00e0 can be felt in every corner, from the ancient ruins peeking through the vegetation to the centuries-old churches that dominate the horizon. Artists, writers and musicians have found inspiration in the tranquil beauty of this place, making it a haven for creativity and contemplation.<\/p><p style=\"text-align: justify;\">In addition, Dei\u00e0&#8217;s vibrant cultural scene provides the opportunity to immerse yourself in artistic events, concerts and festivals that celebrate the region&#8217;s rich cultural heritage. Whether enjoying a performance of traditional Mallorcan music or exploring a contemporary art exhibition, there is always something exciting to discover in this charming town.<\/p>\t\t\t\t\t\t\t\t<\/div>\n\t\t\t\t<\/div>\n\t\t\t\t\t<\/div>\n\t\t\t\t<\/div>\n\t\t<div class=\"elementor-element elementor-element-eb4195b elementor-hidden-mobile e-flex e-con-boxed e-con e-child\" data-id=\"eb4195b\" data-element_type=\"container\" data-e-type=\"container\">\n\t\t\t\t\t<div class=\"e-con-inner\">\n\t\t\t\t\t<\/div>\n\t\t\t\t<\/div>\n\t\t\t\t<\/div>\n\t\t<div class=\"elementor-element elementor-element-d63fbd0 e-con-full elementor-hidden-desktop e-flex e-con e-parent\" data-id=\"d63fbd0\" data-element_type=\"container\" data-e-type=\"container\" data-settings=\"{&quot;background_background&quot;:&quot;classic&quot;}\">\n\t\t<div class=\"elementor-element elementor-element-79454a3 e-flex e-con-boxed e-con e-child\" data-id=\"79454a3\" data-element_type=\"container\" data-e-type=\"container\">\n\t\t\t\t\t<div class=\"e-con-inner\">\n\t\t\t\t<div class=\"elementor-element elementor-element-30858f3 elementor-widget elementor-widget-heading\" data-id=\"30858f3\" data-element_type=\"widget\" data-e-type=\"widget\" data-widget_type=\"heading.default\">\n\t\t\t\t<div class=\"elementor-widget-container\">\n\t\t\t\t\t<h2 class=\"elementor-heading-title elementor-size-default\">Fuente de inspiraci\u00f3n de artistas<\/h2>\t\t\t\t<\/div>\n\t\t\t\t<\/div>\n\t\t\t\t<div class=\"elementor-element elementor-element-38468ce elementor-widget elementor-widget-text-editor\" data-id=\"38468ce\" data-element_type=\"widget\" data-e-type=\"widget\" data-widget_type=\"text-editor.default\">\n\t\t\t\t<div class=\"elementor-widget-container\">\n\t\t\t\t\t\t\t\t\t<p style=\"text-align: justify;\">Dei\u00e0 es un lugar donde la tradici\u00f3n y la modernidad se fusionan armoniosamente. Sus estrechas calles empedradas y sus casas de piedra se mezclan con boutiques de moda, galer\u00edas de arte y restaurantes de clase mundial. Cada rinc\u00f3n de este pintoresco pueblo emana un aura de autenticidad y serenidad que invita a perderse en sus encantadoras calles y plazas.<\/p><p style=\"text-align: justify;\">La rica historia de Dei\u00e0 se puede sentir en cada rinc\u00f3n, desde las antiguas ruinas que se asoman entre la vegetaci\u00f3n hasta las iglesias centenarias que dominan el horizonte. Artistas, escritores y m\u00fasicos han encontrado inspiraci\u00f3n en la belleza tranquila de este lugar, convirti\u00e9ndolo en un refugio para la creatividad y la contemplaci\u00f3n.<\/p><p style=\"text-align: justify;\">Adem\u00e1s, la vibrante escena cultural de Dei\u00e0 brinda la oportunidad de sumergirse en eventos art\u00edsticos, conciertos y festivales que celebran la rica herencia cultural de la regi\u00f3n. Ya sea disfrutando de una actuaci\u00f3n de m\u00fasica tradicional mallorquina o explorando una exposici\u00f3n de arte contempor\u00e1neo, siempre hay algo emocionante que descubrir en este pueblo encantador.<\/p>\t\t\t\t\t\t\t\t<\/div>\n\t\t\t\t<\/div>\n\t\t\t\t\t<\/div>\n\t\t\t\t<\/div>\n\t\t<div class=\"elementor-element elementor-element-26aef85 elementor-hidden-mobile e-flex e-con-boxed e-con e-child\" data-id=\"26aef85\" data-element_type=\"container\" data-e-type=\"container\">\n\t\t\t\t\t<div class=\"e-con-inner\">\n\t\t\t\t\t<\/div>\n\t\t\t\t<\/div>\n\t\t\t\t<\/div>\n\t\t<div class=\"elementor-element elementor-element-3a4e7c9 e-flex e-con-boxed e-con e-parent\" data-id=\"3a4e7c9\" data-element_type=\"container\" data-e-type=\"container\" data-settings=\"{&quot;background_background&quot;:&quot;classic&quot;}\">\n\t\t\t\t\t<div class=\"e-con-inner\">\n\t\t<div class=\"elementor-element elementor-element-518a271 e-con-full e-flex e-con e-child\" data-id=\"518a271\" data-element_type=\"container\" data-e-type=\"container\">\n\t\t\t\t<div class=\"elementor-element elementor-element-3009bcb elementor-widget elementor-widget-heading\" data-id=\"3009bcb\" data-element_type=\"widget\" data-e-type=\"widget\" data-widget_type=\"heading.default\">\n\t\t\t\t<div class=\"elementor-widget-container\">\n\t\t\t\t\t<h5 class=\"elementor-heading-title elementor-size-default\">Other places of interest in Mallorca near Dei\u00e0<\/h5>\t\t\t\t<\/div>\n\t\t\t\t<\/div>\n\t\t\t\t<div class=\"elementor-element elementor-element-3c6779d elementor-widget elementor-widget-text-editor\" data-id=\"3c6779d\" data-element_type=\"widget\" data-e-type=\"widget\" data-widget_type=\"text-editor.default\">\n\t\t\t\t<div class=\"elementor-widget-container\">\n\t\t\t\t\t\t\t\t\t<p>Dei\u00e0 offers easy access to a variety of attractions that will delight visitors of all ages and interests.<\/p>\t\t\t\t\t\t\t\t<\/div>\n\t\t\t\t<\/div>\n\t\t<div class=\"elementor-element elementor-element-65ac8e9 e-con-full e-flex e-con e-child\" data-id=\"65ac8e9\" data-element_type=\"container\" data-e-type=\"container\">\n\t\t<div class=\"elementor-element elementor-element-541aee4 e-con-full e-flex elementor-invisible e-con e-child\" data-id=\"541aee4\" data-element_type=\"container\" data-e-type=\"container\" data-settings=\"{&quot;background_background&quot;:&quot;classic&quot;,&quot;animation&quot;:&quot;fadeInUp&quot;,&quot;animation_delay&quot;:400}\">\n\t\t\t\t<div class=\"elementor-element elementor-element-b518590 elementor-cta--skin-cover elementor-cta--valign-bottom elementor-widget__width-initial elementor-bg-transform elementor-bg-transform-move-up elementor-animated-content elementor-widget elementor-widget-call-to-action\" data-id=\"b518590\" data-element_type=\"widget\" data-e-type=\"widget\" data-widget_type=\"call-to-action.default\">\n\t\t\t\t<div class=\"elementor-widget-container\">\n\t\t\t\t\t\t\t<div class=\"elementor-cta\">\n\t\t\t\t\t<div class=\"elementor-cta__bg-wrapper\">\n\t\t\t\t<div class=\"elementor-cta__bg elementor-bg\" style=\"background-image: url(https:\/\/hoteldespuig.com\/en\/wp-content\/uploads\/sites\/2\/Cala-Deia-en-Mallorca.webp);\" role=\"img\" aria-label=\"Cala Dei\u00e0 en Mallorca\"><\/div>\n\t\t\t\t<div class=\"elementor-cta__bg-overlay\"><\/div>\n\t\t\t<\/div>\n\t\t\t\t\t\t\t<div class=\"elementor-cta__content\">\n\t\t\t\t\n\t\t\t\t\t\t\t\t\t<h2 class=\"elementor-cta__title elementor-cta__content-item elementor-content-item elementor-animated-item--move-up\">\n\t\t\t\t\t\tCala Dei\u00e0\t\t\t\t\t<\/h2>\n\t\t\t\t\n\t\t\t\t\t\t\t\t\t<div class=\"elementor-cta__description elementor-cta__content-item elementor-content-item elementor-animated-item--move-up\">\n\t\t\t\t\t\tHere, visitors can enjoy a relaxing day at the beach, snorkel in the calm waters or delight in delicious seafood at one of the seaside restaurants.\t\t\t\t\t<\/div>\n\t\t\t\t\n\t\t\t\t\t\t\t<\/div>\n\t\t\t\t\t\t<\/div>\n\t\t\t\t\t\t<\/div>\n\t\t\t\t<\/div>\n\t\t\t\t<\/div>\n\t\t<div class=\"elementor-element elementor-element-0ebe69d e-con-full e-flex elementor-invisible e-con e-child\" data-id=\"0ebe69d\" data-element_type=\"container\" data-e-type=\"container\" data-settings=\"{&quot;background_background&quot;:&quot;classic&quot;,&quot;animation&quot;:&quot;fadeInUp&quot;,&quot;animation_delay&quot;:400}\">\n\t\t\t\t<div class=\"elementor-element elementor-element-e5616eb elementor-cta--skin-cover elementor-cta--valign-bottom elementor-widget__width-initial elementor-bg-transform elementor-bg-transform-move-up elementor-animated-content elementor-widget elementor-widget-call-to-action\" data-id=\"e5616eb\" data-element_type=\"widget\" data-e-type=\"widget\" data-widget_type=\"call-to-action.default\">\n\t\t\t\t<div class=\"elementor-widget-container\">\n\t\t\t\t\t\t\t<div class=\"elementor-cta\">\n\t\t\t\t\t<div class=\"elementor-cta__bg-wrapper\">\n\t\t\t\t<div class=\"elementor-cta__bg elementor-bg\" style=\"background-image: url(https:\/\/hoteldespuig.com\/en\/wp-content\/uploads\/sites\/2\/Valldemossa-en-Mallorca.webp);\" role=\"img\" aria-label=\"Valldemossa en Mallorca\"><\/div>\n\t\t\t\t<div class=\"elementor-cta__bg-overlay\"><\/div>\n\t\t\t<\/div>\n\t\t\t\t\t\t\t<div class=\"elementor-cta__content\">\n\t\t\t\t\n\t\t\t\t\t\t\t\t\t<h2 class=\"elementor-cta__title elementor-cta__content-item elementor-content-item elementor-animated-item--move-up\">\n\t\t\t\t\t\tValldemossa\t\t\t\t\t<\/h2>\n\t\t\t\t\n\t\t\t\t\t\t\t\t\t<div class=\"elementor-cta__description elementor-cta__content-item elementor-content-item elementor-animated-item--move-up\">\n\t\t\t\t\t\tWith its cobbled streets and medieval architecture, Valldemossa is famous for its Carthusian monastery, where the famous writer George Sand and the composer Fr\u00e9d\u00e9ric Chopin spent some time.\t\t\t\t\t<\/div>\n\t\t\t\t\n\t\t\t\t\t\t\t<\/div>\n\t\t\t\t\t\t<\/div>\n\t\t\t\t\t\t<\/div>\n\t\t\t\t<\/div>\n\t\t\t\t<\/div>\n\t\t<div class=\"elementor-element elementor-element-197e5fe e-con-full e-flex elementor-invisible e-con e-child\" data-id=\"197e5fe\" data-element_type=\"container\" data-e-type=\"container\" data-settings=\"{&quot;background_background&quot;:&quot;classic&quot;,&quot;animation&quot;:&quot;fadeInUp&quot;,&quot;animation_delay&quot;:400}\">\n\t\t\t\t<div class=\"elementor-element elementor-element-f96e3e0 elementor-cta--skin-cover elementor-cta--valign-bottom elementor-widget__width-initial elementor-bg-transform elementor-bg-transform-move-up elementor-animated-content elementor-widget elementor-widget-call-to-action\" data-id=\"f96e3e0\" data-element_type=\"widget\" data-e-type=\"widget\" data-widget_type=\"call-to-action.default\">\n\t\t\t\t<div class=\"elementor-widget-container\">\n\t\t\t\t\t\t\t<div class=\"elementor-cta\">\n\t\t\t\t\t<div class=\"elementor-cta__bg-wrapper\">\n\t\t\t\t<div class=\"elementor-cta__bg elementor-bg\" style=\"background-image: url(https:\/\/hoteldespuig.com\/en\/wp-content\/uploads\/sites\/2\/Tren-de-Soller-en-Mallorca.webp);\" role=\"img\" aria-label=\"Tren de S\u00f3ller en Mallorca\"><\/div>\n\t\t\t\t<div class=\"elementor-cta__bg-overlay\"><\/div>\n\t\t\t<\/div>\n\t\t\t\t\t\t\t<div class=\"elementor-cta__content\">\n\t\t\t\t\n\t\t\t\t\t\t\t\t\t<h2 class=\"elementor-cta__title elementor-cta__content-item elementor-content-item elementor-animated-item--move-up\">\n\t\t\t\t\t\tS\u00f3ller\t\t\t\t\t<\/h2>\n\t\t\t\t\n\t\t\t\t\t\t\t\t\t<div class=\"elementor-cta__description elementor-cta__content-item elementor-content-item elementor-animated-item--move-up\">\n\t\t\t\t\t\tOne of its most outstanding attractions is the historic S\u00f3ller train, which winds through the picturesque mountain scenery to the port of S\u00f3ller.\t\t\t\t\t<\/div>\n\t\t\t\t\n\t\t\t\t\t\t\t<\/div>\n\t\t\t\t\t\t<\/div>\n\t\t\t\t\t\t<\/div>\n\t\t\t\t<\/div>\n\t\t\t\t<\/div>\n\t\t\t\t<\/div>\n\t\t\t\t<\/div>\n\t\t\t\t\t<\/div>\n\t\t\t\t<\/div>\n\t\t\t\t<\/div>\n\t\t","protected":false},"excerpt":{"rendered":"<p>Dei\u00e0 | Mallorca Be seduced by the timeless charm of Dei\u00e0 in Mallorca The hidden jewel of the Tramuntana Mountains The\u00a0village of Dei\u00e0, in\u00a0Mallorca, is considered one of the most beautiful villages in the country of\u00a0Spain. It is located in the\u00a0Tramuntana Mountains, in a marvelous enclave tinged with green crags and\u00a0by the Mediterranean Sea. Declared [&hellip;]<\/p>\n","protected":false},"author":1,"featured_media":0,"parent":0,"menu_order":0,"comment_status":"closed","ping_status":"closed","template":"elementor_header_footer","meta":{"_acf_changed":false,"footnotes":""},"class_list":["post-1985","page","type-page","status-publish","hentry"],"acf":[],"_links":{"self":[{"href":"https:\/\/hoteldespuig.com\/en\/wp-json\/wp\/v2\/pages\/1985","targetHints":{"allow":["GET"]}}],"collection":[{"href":"https:\/\/hoteldespuig.com\/en\/wp-json\/wp\/v2\/pages"}],"about":[{"href":"https:\/\/hoteldespuig.com\/en\/wp-json\/wp\/v2\/types\/page"}],"author":[{"embeddable":true,"href":"https:\/\/hoteldespuig.com\/en\/wp-json\/wp\/v2\/users\/1"}],"replies":[{"embeddable":true,"href":"https:\/\/hoteldespuig.com\/en\/wp-json\/wp\/v2\/comments?post=1985"}],"version-history":[{"count":3,"href":"https:\/\/hoteldespuig.com\/en\/wp-json\/wp\/v2\/pages\/1985\/revisions"}],"predecessor-version":[{"id":2441,"href":"https:\/\/hoteldespuig.com\/en\/wp-json\/wp\/v2\/pages\/1985\/revisions\/2441"}],"wp:attachment":[{"href":"https:\/\/hoteldespuig.com\/en\/wp-json\/wp\/v2\/media?parent=1985"}],"curies":[{"name":"wp","href":"https:\/\/api.w.org\/{rel}","templated":true}]}}